
{"id":329,"date":"2023-09-04T17:21:53","date_gmt":"2023-09-04T17:21:53","guid":{"rendered":"https:\/\/bakkerspraypaint.nl\/exporter\/"},"modified":"2023-09-04T20:03:12","modified_gmt":"2023-09-04T20:03:12","slug":"exporter","status":"publish","type":"page","link":"https:\/\/bakkerspraypaint.nl\/fr\/exporter\/","title":{"rendered":"Exporter"},"content":{"rendered":"\t\t<div data-elementor-type=\"wp-page\" data-elementor-id=\"329\" class=\"elementor elementor-329 elementor-77\" data-elementor-post-type=\"page\">\n\t\t\t\t\t\t<section class=\"elementor-section elementor-top-section elementor-element elementor-element-fe9a5bd elementor-section-height-min-height elementor-section-content-middle elementor-section-boxed elementor-section-height-default elementor-section-items-middle\" data-id=\"fe9a5bd\" data-element_type=\"section\" data-settings=\"{&quot;jet_parallax_layout_list&quot;:[],&quot;background_background&quot;:&quot;classic&quot;}\">\n\t\t\t\t\t\t<div class=\"elementor-container elementor-column-gap-default\">\n\t\t\t\t\t<div class=\"elementor-column elementor-col-100 elementor-top-column elementor-element elementor-element-c50a3be\" data-id=\"c50a3be\" data-element_type=\"column\" data-settings=\"{&quot;background_background&quot;:&quot;classic&quot;}\">\n\t\t\t<div class=\"elementor-widget-wrap elementor-element-populated\">\n\t\t\t\t\t\t<div class=\"elementor-element elementor-element-20bc123 elementor-widget elementor-widget-heading\" data-id=\"20bc123\" data-element_type=\"widget\" data-widget_type=\"heading.default\">\n\t\t\t\t<div class=\"elementor-widget-container\">\n\t\t\t\t\t<h1 class=\"elementor-heading-title elementor-size-default\">Exporter<\/h1>\t\t\t\t<\/div>\n\t\t\t\t<\/div>\n\t\t\t\t\t<\/div>\n\t\t<\/div>\n\t\t\t\t\t<\/div>\n\t\t<\/section>\n\t\t\t\t<section class=\"elementor-section elementor-top-section elementor-element elementor-element-7ed51a8 elementor-section-content-middle elementor-section-boxed elementor-section-height-default elementor-section-height-default\" data-id=\"7ed51a8\" data-element_type=\"section\" data-settings=\"{&quot;jet_parallax_layout_list&quot;:[]}\">\n\t\t\t\t\t\t<div class=\"elementor-container elementor-column-gap-wide\">\n\t\t\t\t\t<div class=\"elementor-column elementor-col-50 elementor-top-column elementor-element elementor-element-4f35985\" data-id=\"4f35985\" data-element_type=\"column\">\n\t\t\t<div class=\"elementor-widget-wrap elementor-element-populated\">\n\t\t\t\t\t\t<div class=\"elementor-element elementor-element-9a9ec35 elementor-widget elementor-widget-image\" data-id=\"9a9ec35\" data-element_type=\"widget\" data-widget_type=\"image.default\">\n\t\t\t\t<div class=\"elementor-widget-container\">\n\t\t\t\t\t\t\t\t\t\t\t\t\t\t\t<img fetchpriority=\"high\" decoding=\"async\" width=\"2560\" height=\"1707\" src=\"https:\/\/bakkerspraypaint.nl\/wp-content\/uploads\/2023\/09\/Export-scaled.webp\" class=\"attachment-full size-full wp-image-248\" alt=\"\" srcset=\"https:\/\/bakkerspraypaint.nl\/wp-content\/uploads\/2023\/09\/Export-scaled.webp 2560w, https:\/\/bakkerspraypaint.nl\/wp-content\/uploads\/2023\/09\/Export-scaled-600x400.webp 600w, https:\/\/bakkerspraypaint.nl\/wp-content\/uploads\/2023\/09\/Export-300x200.webp 300w, https:\/\/bakkerspraypaint.nl\/wp-content\/uploads\/2023\/09\/Export-1024x683.webp 1024w, https:\/\/bakkerspraypaint.nl\/wp-content\/uploads\/2023\/09\/Export-768x512.webp 768w, https:\/\/bakkerspraypaint.nl\/wp-content\/uploads\/2023\/09\/Export-1536x1024.webp 1536w, https:\/\/bakkerspraypaint.nl\/wp-content\/uploads\/2023\/09\/Export-2048x1365.webp 2048w\" sizes=\"(max-width: 2560px) 100vw, 2560px\" \/>\t\t\t\t\t\t\t\t\t\t\t\t\t\t\t<\/div>\n\t\t\t\t<\/div>\n\t\t\t\t\t<\/div>\n\t\t<\/div>\n\t\t\t\t<div class=\"elementor-column elementor-col-50 elementor-top-column elementor-element elementor-element-460ee72\" data-id=\"460ee72\" data-element_type=\"column\">\n\t\t\t<div class=\"elementor-widget-wrap elementor-element-populated\">\n\t\t\t\t\t\t<div class=\"elementor-element elementor-element-637b137 elementor-widget elementor-widget-heading\" data-id=\"637b137\" data-element_type=\"widget\" data-widget_type=\"heading.default\">\n\t\t\t\t<div class=\"elementor-widget-container\">\n\t\t\t\t\t<h2 class=\"elementor-heading-title elementor-size-default\">Du format A4 vierge \u00e0 la distribution mondiale. \n<\/h2>\t\t\t\t<\/div>\n\t\t\t\t<\/div>\n\t\t\t\t<div class=\"elementor-element elementor-element-fcb135b elementor-widget elementor-widget-text-editor\" data-id=\"fcb135b\" data-element_type=\"widget\" data-widget_type=\"text-editor.default\">\n\t\t\t\t<div class=\"elementor-widget-container\">\n\t\t\t\t\t\t\t\t\t<p>Bakker Spraypaint est le partenaire exclusif de Peter Kwasny GmbH depuis <b>35 ans.<\/b><\/p>\n<p>Nous distribuons leurs marques SprayMax, Auto-K, Belton dans tout le Benelux.<\/p>\n<p>Au fil des ann\u00e9es, nous avons r\u00e9ussi \u00e0 construire un <b>r\u00e9seau international.<\/b><\/p>\n<p>Nous agissons pour Peter Kwasny GmbH dans les pays o\u00f9 ils ne disposent pas de partenaire d&rsquo;importation et distribuons \u00e0 la fois des marques <strong><a href=\"https:\/\/bakkerspraypaint.nl\/private-label\/\">priv\u00e9es et des marques<\/a><\/strong> Kwasny dans le monde entier. Vaste exp\u00e9rience de l&rsquo;exp\u00e9dition \u00e0 l&rsquo;\u00e9tranger de marchandises dangereuses LQ et de la pr\u00e9paration des documents de fret a\u00e9rien IATA.<\/p>\n<p><b>Notre entrep\u00f4t \u00e0 Steenbergen (NL) est \u00e0 25 minutes de Rotterdam (NL) et \u00e0 25 minutes d&rsquo;Anvers. Enti\u00e8rement certifi\u00e9 selon les derni\u00e8res r\u00e8gles PGS15 pour le stockage de peinture en a\u00e9rosol.<\/b><\/p>\n\t\t\t\t\t\t\t\t<\/div>\n\t\t\t\t<\/div>\n\t\t\t\t\t<\/div>\n\t\t<\/div>\n\t\t\t\t\t<\/div>\n\t\t<\/section>\n\t\t\t\t<\/div>\n\t\t","protected":false},"excerpt":{"rendered":"<p>Du format A4 vierge \u00e0 la distribution mondiale. Bakker Spraypaint est le partenaire exclusif de Peter Kwasny GmbH depuis 35 ans. Nous distribuons leurs marques SprayMax, Auto-K, Belton dans tout le Benelux. Au fil des ann\u00e9es, nous avons r\u00e9ussi \u00e0 construire un r\u00e9seau international. Nous agissons pour Peter Kwasny GmbH dans les pays o\u00f9 ils [&hellip;]<\/p>\n","protected":false},"author":1,"featured_media":0,"parent":0,"menu_order":0,"comment_status":"closed","ping_status":"closed","template":"elementor_header_footer","meta":{"_acf_changed":false,"footnotes":""},"class_list":["post-329","page","type-page","status-publish","hentry"],"acf":[],"_links":{"self":[{"href":"https:\/\/bakkerspraypaint.nl\/fr\/wp-json\/wp\/v2\/pages\/329","targetHints":{"allow":["GET"]}}],"collection":[{"href":"https:\/\/bakkerspraypaint.nl\/fr\/wp-json\/wp\/v2\/pages"}],"about":[{"href":"https:\/\/bakkerspraypaint.nl\/fr\/wp-json\/wp\/v2\/types\/page"}],"author":[{"embeddable":true,"href":"https:\/\/bakkerspraypaint.nl\/fr\/wp-json\/wp\/v2\/users\/1"}],"replies":[{"embeddable":true,"href":"https:\/\/bakkerspraypaint.nl\/fr\/wp-json\/wp\/v2\/comments?post=329"}],"version-history":[{"count":2,"href":"https:\/\/bakkerspraypaint.nl\/fr\/wp-json\/wp\/v2\/pages\/329\/revisions"}],"predecessor-version":[{"id":331,"href":"https:\/\/bakkerspraypaint.nl\/fr\/wp-json\/wp\/v2\/pages\/329\/revisions\/331"}],"wp:attachment":[{"href":"https:\/\/bakkerspraypaint.nl\/fr\/wp-json\/wp\/v2\/media?parent=329"}],"curies":[{"name":"wp","href":"https:\/\/api.w.org\/{rel}","templated":true}]}}